{"id":2200,"date":"2024-08-20T11:13:02","date_gmt":"2024-08-20T11:13:02","guid":{"rendered":"https:\/\/hostaleria.karcos.com\/?page_id=2200"},"modified":"2024-08-20T12:14:32","modified_gmt":"2024-08-20T12:14:32","slug":"politica-de-cookies","status":"publish","type":"page","link":"https:\/\/hostaleria.karcos.com\/es\/politica-de-cookies\/","title":{"rendered":"Pol\u00edtica de Cookies"},"content":{"rendered":"\t\t<div data-elementor-type=\"wp-page\" data-elementor-id=\"2200\" class=\"elementor elementor-2200\" data-elementor-post-type=\"page\">\n\t\t\t\t<div data-particle_enable=\"false\" data-particle-mobile-disabled=\"false\" class=\"elementor-element elementor-element-82440f4 e-flex e-con-boxed e-con e-parent\" data-id=\"82440f4\" data-element_type=\"container\" data-settings=\"{&quot;jet_parallax_layout_list&quot;:[]}\" data-core-v316-plus=\"true\">\n\t\t\t\t\t<div class=\"e-con-inner\">\n\t\t\t\t<div class=\"elementor-element elementor-element-dffd502 elementor-widget elementor-widget-text-editor\" data-id=\"dffd502\" data-element_type=\"widget\" data-widget_type=\"text-editor.default\">\n\t\t\t\t<div class=\"elementor-widget-container\">\n\t\t\t<style>\/*! elementor - v3.20.0 - 13-03-2024 *\/\n.elementor-widget-text-editor.elementor-drop-cap-view-stacked .elementor-drop-cap{background-color:#69727d;color:#fff}.elementor-widget-text-editor.elementor-drop-cap-view-framed .elementor-drop-cap{color:#69727d;border:3px solid;background-color:transparent}.elementor-widget-text-editor:not(.elementor-drop-cap-view-default) .elementor-drop-cap{margin-top:8px}.elementor-widget-text-editor:not(.elementor-drop-cap-view-default) .elementor-drop-cap-letter{width:1em;height:1em}.elementor-widget-text-editor .elementor-drop-cap{float:left;text-align:center;line-height:1;font-size:50px}.elementor-widget-text-editor .elementor-drop-cap-letter{display:inline-block}<\/style>\t\t\t\t<p>Qui\u00e9nes somos<\/p><p><strong>Texto sugerido:<\/strong> Nuestra direcci\u00f3n web es: <a href=\"https:\/\/hostaleria.karcos.com\" target=\"_new\" rel=\"noopener\">https:\/\/hostaleria.karcos.com<\/a>.<\/p><p>Comentarios<\/p><p><strong>Texto sugerido:<\/strong> Cuando los visitantes dejan comentarios en el sitio, recopilamos los datos que se muestran en el formulario de comentarios, as\u00ed como la direcci\u00f3n IP del visitante y la cadena de agente de usuario del navegador para ayudar a la detecci\u00f3n de spam.<\/p><p>Una cadena anonimizada creada a partir de tu direcci\u00f3n de correo electr\u00f3nico (tambi\u00e9n llamada hash) puede ser proporcionada al servicio Gravatar para ver si lo est\u00e1s utilizando. La pol\u00edtica de privacidad del servicio Gravatar est\u00e1 disponible aqu\u00ed: <a href=\"https:\/\/automattic.com\/privacy\/\" target=\"_new\" rel=\"noopener\">https:\/\/automattic.com\/privacy\/<\/a>. Despu\u00e9s de la aprobaci\u00f3n de tu comentario, tu foto de perfil es visible para el p\u00fablico en el contexto de tu comentario.<\/p><p>Medios<\/p><p><strong>Texto sugerido:<\/strong> Si subes im\u00e1genes al sitio web, deber\u00edas evitar subir im\u00e1genes con datos de ubicaci\u00f3n incrustados (EXIF GPS). Los visitantes del sitio web pueden descargar y extraer cualquier dato de ubicaci\u00f3n de las im\u00e1genes en el sitio web.<\/p><p>Cookies<\/p><p><strong>Texto sugerido:<\/strong> Si dejas un comentario en nuestro sitio, puedes optar por guardar tu nombre, direcci\u00f3n de correo electr\u00f3nico y sitio web en cookies. Esto es para tu conveniencia, para que no tengas que volver a completar tus datos cuando dejes otro comentario. Estas cookies durar\u00e1n un a\u00f1o.<\/p><p>Si visitas nuestra p\u00e1gina de inicio de sesi\u00f3n, configuraremos una cookie temporal para determinar si tu navegador acepta cookies. Esta cookie no contiene datos personales y se elimina cuando cierras tu navegador.<\/p><p>Cuando inicias sesi\u00f3n, tambi\u00e9n configuraremos varias cookies para guardar tu informaci\u00f3n de inicio de sesi\u00f3n y tus opciones de visualizaci\u00f3n en pantalla. Las cookies de inicio de sesi\u00f3n duran dos d\u00edas, y las cookies de opciones de pantalla duran un a\u00f1o. Si seleccionas &#8220;Recordarme&#8221;, tu inicio de sesi\u00f3n persistir\u00e1 durante dos semanas. Si cierras la sesi\u00f3n de tu cuenta, las cookies de inicio de sesi\u00f3n se eliminar\u00e1n.<\/p><p>Si editas o publicas un art\u00edculo, se guardar\u00e1 una cookie adicional en tu navegador. Esta cookie no incluye datos personales y simplemente indica el ID de la publicaci\u00f3n del art\u00edculo que acabas de editar. Expira despu\u00e9s de 1 d\u00eda.<\/p><p>Contenido incrustado de otros sitios web<\/p><p><strong>Texto sugerido:<\/strong> Los art\u00edculos en este sitio pueden incluir contenido incrustado (por ejemplo, videos, im\u00e1genes, art\u00edculos, etc.). El contenido incrustado de otros sitios web se comporta de la misma manera que si el visitante hubiera visitado el otro sitio web.<\/p><p>Estos sitios web pueden recopilar datos sobre ti, usar cookies, incrustar un seguimiento adicional de terceros y monitorear tu interacci\u00f3n con ese contenido incrustado, incluyendo el seguimiento de tu interacci\u00f3n con el contenido incrustado si tienes una cuenta y has iniciado sesi\u00f3n en ese sitio web.<\/p><p>Con qui\u00e9n compartimos tus datos<\/p><p><strong>Texto sugerido:<\/strong> Si solicitas un restablecimiento de contrase\u00f1a, tu direcci\u00f3n IP se incluir\u00e1 en el correo electr\u00f3nico de restablecimiento.<\/p><p>Cu\u00e1nto tiempo retenemos tus datos<\/p><p><strong>Texto sugerido:<\/strong> Si dejas un comentario, el comentario y sus metadatos se conservan indefinidamente. Esto es para que podamos reconocer y aprobar autom\u00e1ticamente cualquier comentario de seguimiento en lugar de mantenerlos en una cola de moderaci\u00f3n.<\/p><p>Para los usuarios que se registran en nuestro sitio web (si los hay), tambi\u00e9n almacenamos la informaci\u00f3n personal que proporcionan en su perfil de usuario. Todos los usuarios pueden ver, editar o eliminar su informaci\u00f3n personal en cualquier momento (excepto que no pueden cambiar su nombre de usuario). Los administradores del sitio web tambi\u00e9n pueden ver y editar esa informaci\u00f3n.<\/p><p>Qu\u00e9 derechos tienes sobre tus datos<\/p><p><strong>Texto sugerido:<\/strong> Si tienes una cuenta en este sitio o has dejado comentarios, puedes solicitar recibir un archivo exportado de los datos personales que tenemos sobre ti, incluyendo cualquier dato que nos hayas proporcionado. Tambi\u00e9n puedes solicitar que eliminemos cualquier dato personal que tengamos sobre ti. Esto no incluye ning\u00fan dato que estemos obligados a conservar por motivos administrativos, legales o de seguridad.<\/p><p>D\u00f3nde se env\u00edan tus datos<\/p><p><strong>Texto sugerido:<\/strong> Los comentarios de los visitantes pueden ser verificados a trav\u00e9s de un servicio automatizado de detecci\u00f3n de spam.<\/p>\t\t\t\t\t\t<\/div>\n\t\t\t\t<\/div>\n\t\t\t\t\t<\/div>\n\t\t\t\t<\/div>\n\t\t\t\t<\/div>\n\t\t","protected":false},"excerpt":{"rendered":"<p>Qui\u00e9nes somos Texto sugerido: Nuestra direcci\u00f3n web es: https:\/\/hostaleria.karcos.com. Comentarios Texto sugerido: Cuando los visitantes dejan comentarios en el sitio, recopilamos los datos que se muestran en el formulario de comentarios, as\u00ed como la direcci\u00f3n IP del visitante y la cadena de agente de usuario del navegador para ayudar a la detecci\u00f3n de spam. Una [&hellip;]<\/p>\n","protected":false},"author":2,"featured_media":0,"parent":0,"menu_order":0,"comment_status":"closed","ping_status":"closed","template":"","meta":{"_glsr_average":0,"_glsr_ranking":0,"_glsr_reviews":0,"footnotes":""},"class_list":["post-2200","page","type-page","status-publish","hentry"],"yoast_head":"<!-- This site is optimized with the Yoast SEO plugin v22.3 - https:\/\/yoast.com\/wordpress\/plugins\/seo\/ -->\n<title>Pol\u00edtica de Cookies - Hostaleria Prevencio<\/title>\n<meta name=\"robots\" content=\"index, follow, max-snippet:-1, max-image-preview:large, max-video-preview:-1\" \/>\n<link rel=\"canonical\" href=\"https:\/\/hostaleria.karcos.com\/es\/politica-de-cookies\/\" \/>\n<meta property=\"og:locale\" content=\"es_ES\" \/>\n<meta property=\"og:type\" content=\"article\" \/>\n<meta property=\"og:title\" content=\"Pol\u00edtica de Cookies - Hostaleria Prevencio\" \/>\n<meta property=\"og:description\" content=\"Qui\u00e9nes somos Texto sugerido: Nuestra direcci\u00f3n web es: https:\/\/hostaleria.karcos.com. Comentarios Texto sugerido: Cuando los visitantes dejan comentarios en el sitio, recopilamos los datos que se muestran en el formulario de comentarios, as\u00ed como la direcci\u00f3n IP del visitante y la cadena de agente de usuario del navegador para ayudar a la detecci\u00f3n de spam. Una [&hellip;]\" \/>\n<meta property=\"og:url\" content=\"https:\/\/hostaleria.karcos.com\/es\/politica-de-cookies\/\" \/>\n<meta property=\"og:site_name\" content=\"Hostaleria Prevencio\" \/>\n<meta property=\"article:modified_time\" content=\"2024-08-20T12:14:32+00:00\" \/>\n<meta name=\"twitter:card\" content=\"summary_large_image\" \/>\n<meta name=\"twitter:label1\" content=\"Tiempo de lectura\" \/>\n\t<meta name=\"twitter:data1\" content=\"3 minutos\" \/>\n<script type=\"application\/ld+json\" class=\"yoast-schema-graph\">{\"@context\":\"https:\/\/schema.org\",\"@graph\":[{\"@type\":\"WebPage\",\"@id\":\"https:\/\/hostaleria.karcos.com\/es\/politica-de-cookies\/\",\"url\":\"https:\/\/hostaleria.karcos.com\/es\/politica-de-cookies\/\",\"name\":\"Pol\u00edtica de Cookies - Hostaleria Prevencio\",\"isPartOf\":{\"@id\":\"https:\/\/hostaleria.karcos.com\/#website\"},\"datePublished\":\"2024-08-20T11:13:02+00:00\",\"dateModified\":\"2024-08-20T12:14:32+00:00\",\"breadcrumb\":{\"@id\":\"https:\/\/hostaleria.karcos.com\/es\/politica-de-cookies\/#breadcrumb\"},\"inLanguage\":\"es\",\"potentialAction\":[{\"@type\":\"ReadAction\",\"target\":[\"https:\/\/hostaleria.karcos.com\/es\/politica-de-cookies\/\"]}]},{\"@type\":\"BreadcrumbList\",\"@id\":\"https:\/\/hostaleria.karcos.com\/es\/politica-de-cookies\/#breadcrumb\",\"itemListElement\":[{\"@type\":\"ListItem\",\"position\":1,\"name\":\"Portada\",\"item\":\"https:\/\/hostaleria.karcos.com\/es\/\"},{\"@type\":\"ListItem\",\"position\":2,\"name\":\"Pol\u00edtica de Cookies\"}]},{\"@type\":\"WebSite\",\"@id\":\"https:\/\/hostaleria.karcos.com\/#website\",\"url\":\"https:\/\/hostaleria.karcos.com\/\",\"name\":\"Hostaleria Prevencio\",\"description\":\"\",\"publisher\":{\"@id\":\"https:\/\/hostaleria.karcos.com\/#organization\"},\"potentialAction\":[{\"@type\":\"SearchAction\",\"target\":{\"@type\":\"EntryPoint\",\"urlTemplate\":\"https:\/\/hostaleria.karcos.com\/?s={search_term_string}\"},\"query-input\":\"required name=search_term_string\"}],\"inLanguage\":\"es\"},{\"@type\":\"Organization\",\"@id\":\"https:\/\/hostaleria.karcos.com\/#organization\",\"name\":\"Hostaleria Prevencio\",\"url\":\"https:\/\/hostaleria.karcos.com\/\",\"logo\":{\"@type\":\"ImageObject\",\"inLanguage\":\"es\",\"@id\":\"https:\/\/hostaleria.karcos.com\/#\/schema\/logo\/image\/\",\"url\":\"https:\/\/hostaleria.karcos.com\/wp-content\/uploads\/2024\/03\/logoLleida@2x.png\",\"contentUrl\":\"https:\/\/hostaleria.karcos.com\/wp-content\/uploads\/2024\/03\/logoLleida@2x.png\",\"width\":313,\"height\":79,\"caption\":\"Hostaleria Prevencio\"},\"image\":{\"@id\":\"https:\/\/hostaleria.karcos.com\/#\/schema\/logo\/image\/\"}}]}<\/script>\n<!-- \/ Yoast SEO plugin. -->","yoast_head_json":{"title":"Pol\u00edtica de Cookies - Hostaleria Prevencio","robots":{"index":"index","follow":"follow","max-snippet":"max-snippet:-1","max-image-preview":"max-image-preview:large","max-video-preview":"max-video-preview:-1"},"canonical":"https:\/\/hostaleria.karcos.com\/es\/politica-de-cookies\/","og_locale":"es_ES","og_type":"article","og_title":"Pol\u00edtica de Cookies - Hostaleria Prevencio","og_description":"Qui\u00e9nes somos Texto sugerido: Nuestra direcci\u00f3n web es: https:\/\/hostaleria.karcos.com. Comentarios Texto sugerido: Cuando los visitantes dejan comentarios en el sitio, recopilamos los datos que se muestran en el formulario de comentarios, as\u00ed como la direcci\u00f3n IP del visitante y la cadena de agente de usuario del navegador para ayudar a la detecci\u00f3n de spam. Una [&hellip;]","og_url":"https:\/\/hostaleria.karcos.com\/es\/politica-de-cookies\/","og_site_name":"Hostaleria Prevencio","article_modified_time":"2024-08-20T12:14:32+00:00","twitter_card":"summary_large_image","twitter_misc":{"Tiempo de lectura":"3 minutos"},"schema":{"@context":"https:\/\/schema.org","@graph":[{"@type":"WebPage","@id":"https:\/\/hostaleria.karcos.com\/es\/politica-de-cookies\/","url":"https:\/\/hostaleria.karcos.com\/es\/politica-de-cookies\/","name":"Pol\u00edtica de Cookies - Hostaleria Prevencio","isPartOf":{"@id":"https:\/\/hostaleria.karcos.com\/#website"},"datePublished":"2024-08-20T11:13:02+00:00","dateModified":"2024-08-20T12:14:32+00:00","breadcrumb":{"@id":"https:\/\/hostaleria.karcos.com\/es\/politica-de-cookies\/#breadcrumb"},"inLanguage":"es","potentialAction":[{"@type":"ReadAction","target":["https:\/\/hostaleria.karcos.com\/es\/politica-de-cookies\/"]}]},{"@type":"BreadcrumbList","@id":"https:\/\/hostaleria.karcos.com\/es\/politica-de-cookies\/#breadcrumb","itemListElement":[{"@type":"ListItem","position":1,"name":"Portada","item":"https:\/\/hostaleria.karcos.com\/es\/"},{"@type":"ListItem","position":2,"name":"Pol\u00edtica de Cookies"}]},{"@type":"WebSite","@id":"https:\/\/hostaleria.karcos.com\/#website","url":"https:\/\/hostaleria.karcos.com\/","name":"Hostaleria Prevencio","description":"","publisher":{"@id":"https:\/\/hostaleria.karcos.com\/#organization"},"potentialAction":[{"@type":"SearchAction","target":{"@type":"EntryPoint","urlTemplate":"https:\/\/hostaleria.karcos.com\/?s={search_term_string}"},"query-input":"required name=search_term_string"}],"inLanguage":"es"},{"@type":"Organization","@id":"https:\/\/hostaleria.karcos.com\/#organization","name":"Hostaleria Prevencio","url":"https:\/\/hostaleria.karcos.com\/","logo":{"@type":"ImageObject","inLanguage":"es","@id":"https:\/\/hostaleria.karcos.com\/#\/schema\/logo\/image\/","url":"https:\/\/hostaleria.karcos.com\/wp-content\/uploads\/2024\/03\/logoLleida@2x.png","contentUrl":"https:\/\/hostaleria.karcos.com\/wp-content\/uploads\/2024\/03\/logoLleida@2x.png","width":313,"height":79,"caption":"Hostaleria Prevencio"},"image":{"@id":"https:\/\/hostaleria.karcos.com\/#\/schema\/logo\/image\/"}}]}},"_links":{"self":[{"href":"https:\/\/hostaleria.karcos.com\/es\/wp-json\/wp\/v2\/pages\/2200","targetHints":{"allow":["GET"]}}],"collection":[{"href":"https:\/\/hostaleria.karcos.com\/es\/wp-json\/wp\/v2\/pages"}],"about":[{"href":"https:\/\/hostaleria.karcos.com\/es\/wp-json\/wp\/v2\/types\/page"}],"author":[{"embeddable":true,"href":"https:\/\/hostaleria.karcos.com\/es\/wp-json\/wp\/v2\/users\/2"}],"replies":[{"embeddable":true,"href":"https:\/\/hostaleria.karcos.com\/es\/wp-json\/wp\/v2\/comments?post=2200"}],"version-history":[{"count":0,"href":"https:\/\/hostaleria.karcos.com\/es\/wp-json\/wp\/v2\/pages\/2200\/revisions"}],"wp:attachment":[{"href":"https:\/\/hostaleria.karcos.com\/es\/wp-json\/wp\/v2\/media?parent=2200"}],"curies":[{"name":"wp","href":"https:\/\/api.w.org\/{rel}","templated":true}]}}