{"id":2214,"date":"2024-08-20T11:52:17","date_gmt":"2024-08-20T11:52:17","guid":{"rendered":"https:\/\/hostaleria.karcos.com\/?page_id=2214"},"modified":"2024-09-04T08:15:32","modified_gmt":"2024-09-04T08:15:32","slug":"aviso-legal","status":"publish","type":"page","link":"https:\/\/hostaleria.karcos.com\/es\/aviso-legal\/","title":{"rendered":"Aviso Legal"},"content":{"rendered":"\t\t<div data-elementor-type=\"wp-page\" data-elementor-id=\"2214\" class=\"elementor elementor-2214\" data-elementor-post-type=\"page\">\n\t\t\t\t<div data-particle_enable=\"false\" data-particle-mobile-disabled=\"false\" class=\"elementor-element elementor-element-877a5c5 e-flex e-con-boxed e-con e-parent\" data-id=\"877a5c5\" data-element_type=\"container\" data-settings=\"{&quot;jet_parallax_layout_list&quot;:[]}\" data-core-v316-plus=\"true\">\n\t\t\t\t\t<div class=\"e-con-inner\">\n\t\t\t\t<div class=\"elementor-element elementor-element-94d8e2b elementor-widget elementor-widget-text-editor\" data-id=\"94d8e2b\" data-element_type=\"widget\" data-widget_type=\"text-editor.default\">\n\t\t\t\t<div class=\"elementor-widget-container\">\n\t\t\t<style>\/*! elementor - v3.20.0 - 13-03-2024 *\/\n.elementor-widget-text-editor.elementor-drop-cap-view-stacked .elementor-drop-cap{background-color:#69727d;color:#fff}.elementor-widget-text-editor.elementor-drop-cap-view-framed .elementor-drop-cap{color:#69727d;border:3px solid;background-color:transparent}.elementor-widget-text-editor:not(.elementor-drop-cap-view-default) .elementor-drop-cap{margin-top:8px}.elementor-widget-text-editor:not(.elementor-drop-cap-view-default) .elementor-drop-cap-letter{width:1em;height:1em}.elementor-widget-text-editor .elementor-drop-cap{float:left;text-align:center;line-height:1;font-size:50px}.elementor-widget-text-editor .elementor-drop-cap-letter{display:inline-block}<\/style>\t\t\t\t<p><strong>Aviso Legal para<\/strong> <a href=\"https:\/\/hostaleria.karcos.com\/\" target=\"_new\" rel=\"noopener\">https:\/\/hostaleria.karcos.com\/<\/a><\/p><p>El presente Aviso Legal regula el uso del sitio web <a href=\"https:\/\/hostaleria.karcos.com\/\" target=\"_new\" rel=\"noopener\">https:\/\/hostaleria.karcos.com\/<\/a> (en adelante, &#8220;el Sitio Web&#8221;), del cual es titular FEDERACI\u00d3N PROVINCIAL DE HOSTELER\u00cdA DE LLEIDA.<\/p><h3>Datos Identificativos<\/h3><ul><li>Esta p\u00e1gina Web es propiedad de FEDERACI\u00d3N PROVINCIAL DE HOSTELER\u00cdA DE LLEIDA con NIF n\u00ba G25027608 y domicilio en AVDA. DEL SEGRE, 7, ALTELL P 25007 Lleida ( LLEIDA ) e Inscrita en la Secci\u00f3n de Relaciones Individuales del Departamento de Trabajo de la Generalidad de Catalu\u00f1a, Delegaci\u00f3n Territorial en Lleida.<br \/>Para cualquier consulta o propuesta, cont\u00e1ctenos en el e-mail: federacio@hostaler.org, Tel\u00e9fono: 973.24.88.58, Fax: 973.18.40.40<\/li><\/ul><h3>Objeto<\/h3><p>El Sitio Web tiene por finalidad proporcionar informaci\u00f3n sobre los servicios y actividades de la Empresa relacionados con la prevenci\u00f3n de riesgos laborales en el sector de la hosteler\u00eda.<\/p><h3>Condiciones de Uso<\/h3><p>El acceso y uso del Sitio Web implica la aceptaci\u00f3n de las presentes condiciones legales en su totalidad. El usuario se compromete a hacer un uso adecuado del Sitio Web, de conformidad con la ley, la moral, el orden p\u00fablico y las presentes condiciones.<\/p><h3>Propiedad Intelectual e Industrial<\/h3><p>Todos los contenidos del Sitio Web, incluyendo, pero no limitado a, textos, im\u00e1genes, gr\u00e1ficos, logotipos, iconos, software, etc., est\u00e1n sujetos a derechos de propiedad intelectual e industrial de la Empresa o de terceros titulares. Queda prohibida su reproducci\u00f3n, distribuci\u00f3n o comunicaci\u00f3n p\u00fablica sin autorizaci\u00f3n expresa.<\/p><h3>Exclusi\u00f3n de Garant\u00edas y Responsabilidad<\/h3><p>La Empresa no garantiza la disponibilidad y continuidad del Sitio Web ni se hace responsable de los da\u00f1os y perjuicios que puedan derivarse de la falta de disponibilidad. La Empresa no se responsabiliza de los errores u omisiones en los contenidos ni de los posibles da\u00f1os que pudieran derivarse del uso de la informaci\u00f3n contenida en el Sitio Web.<\/p><h3>Modificaciones<\/h3><p>La Empresa se reserva el derecho a efectuar sin previo aviso las modificaciones que considere oportunas en el Sitio Web.<\/p><h3>Legislaci\u00f3n Aplicable y Jurisdicci\u00f3n<\/h3><p>El presente Aviso Legal se rige por la legislaci\u00f3n espa\u00f1ola. Para la resoluci\u00f3n de controversias, las partes se someten a los Juzgados y Tribunales del domicilio del usuario.<\/p>\t\t\t\t\t\t<\/div>\n\t\t\t\t<\/div>\n\t\t\t\t\t<\/div>\n\t\t\t\t<\/div>\n\t\t\t\t<\/div>\n\t\t","protected":false},"excerpt":{"rendered":"<p>Aviso Legal para https:\/\/hostaleria.karcos.com\/ El presente Aviso Legal regula el uso del sitio web https:\/\/hostaleria.karcos.com\/ (en adelante, &#8220;el Sitio Web&#8221;), del cual es titular FEDERACI\u00d3N PROVINCIAL DE HOSTELER\u00cdA DE LLEIDA. Datos Identificativos Esta p\u00e1gina Web es propiedad de FEDERACI\u00d3N PROVINCIAL DE HOSTELER\u00cdA DE LLEIDA con NIF n\u00ba G25027608 y domicilio en AVDA. DEL SEGRE, 7, [&hellip;]<\/p>\n","protected":false},"author":2,"featured_media":0,"parent":0,"menu_order":0,"comment_status":"closed","ping_status":"closed","template":"","meta":{"_glsr_average":0,"_glsr_ranking":0,"_glsr_reviews":0,"footnotes":""},"class_list":["post-2214","page","type-page","status-publish","hentry"],"yoast_head":"<!-- This site is optimized with the Yoast SEO plugin v22.3 - https:\/\/yoast.com\/wordpress\/plugins\/seo\/ -->\n<title>Aviso Legal - Hostaleria Prevencio<\/title>\n<meta name=\"robots\" content=\"index, follow, max-snippet:-1, max-image-preview:large, max-video-preview:-1\" \/>\n<link rel=\"canonical\" href=\"https:\/\/hostaleria.karcos.com\/es\/aviso-legal\/\" \/>\n<meta property=\"og:locale\" content=\"es_ES\" \/>\n<meta property=\"og:type\" content=\"article\" \/>\n<meta property=\"og:title\" content=\"Aviso Legal - Hostaleria Prevencio\" \/>\n<meta property=\"og:description\" content=\"Aviso Legal para https:\/\/hostaleria.karcos.com\/ El presente Aviso Legal regula el uso del sitio web https:\/\/hostaleria.karcos.com\/ (en adelante, &#8220;el Sitio Web&#8221;), del cual es titular FEDERACI\u00d3N PROVINCIAL DE HOSTELER\u00cdA DE LLEIDA. Datos Identificativos Esta p\u00e1gina Web es propiedad de FEDERACI\u00d3N PROVINCIAL DE HOSTELER\u00cdA DE LLEIDA con NIF n\u00ba G25027608 y domicilio en AVDA. DEL SEGRE, 7, [&hellip;]\" \/>\n<meta property=\"og:url\" content=\"https:\/\/hostaleria.karcos.com\/es\/aviso-legal\/\" \/>\n<meta property=\"og:site_name\" content=\"Hostaleria Prevencio\" \/>\n<meta property=\"article:modified_time\" content=\"2024-09-04T08:15:32+00:00\" \/>\n<meta name=\"twitter:card\" content=\"summary_large_image\" \/>\n<meta name=\"twitter:label1\" content=\"Tiempo de lectura\" \/>\n\t<meta name=\"twitter:data1\" content=\"2 minutos\" \/>\n<script type=\"application\/ld+json\" class=\"yoast-schema-graph\">{\"@context\":\"https:\/\/schema.org\",\"@graph\":[{\"@type\":\"WebPage\",\"@id\":\"https:\/\/hostaleria.karcos.com\/es\/aviso-legal\/\",\"url\":\"https:\/\/hostaleria.karcos.com\/es\/aviso-legal\/\",\"name\":\"Aviso Legal - Hostaleria Prevencio\",\"isPartOf\":{\"@id\":\"https:\/\/hostaleria.karcos.com\/#website\"},\"datePublished\":\"2024-08-20T11:52:17+00:00\",\"dateModified\":\"2024-09-04T08:15:32+00:00\",\"breadcrumb\":{\"@id\":\"https:\/\/hostaleria.karcos.com\/es\/aviso-legal\/#breadcrumb\"},\"inLanguage\":\"es\",\"potentialAction\":[{\"@type\":\"ReadAction\",\"target\":[\"https:\/\/hostaleria.karcos.com\/es\/aviso-legal\/\"]}]},{\"@type\":\"BreadcrumbList\",\"@id\":\"https:\/\/hostaleria.karcos.com\/es\/aviso-legal\/#breadcrumb\",\"itemListElement\":[{\"@type\":\"ListItem\",\"position\":1,\"name\":\"Portada\",\"item\":\"https:\/\/hostaleria.karcos.com\/es\/\"},{\"@type\":\"ListItem\",\"position\":2,\"name\":\"Aviso Legal\"}]},{\"@type\":\"WebSite\",\"@id\":\"https:\/\/hostaleria.karcos.com\/#website\",\"url\":\"https:\/\/hostaleria.karcos.com\/\",\"name\":\"Hostaleria Prevencio\",\"description\":\"\",\"publisher\":{\"@id\":\"https:\/\/hostaleria.karcos.com\/#organization\"},\"potentialAction\":[{\"@type\":\"SearchAction\",\"target\":{\"@type\":\"EntryPoint\",\"urlTemplate\":\"https:\/\/hostaleria.karcos.com\/?s={search_term_string}\"},\"query-input\":\"required name=search_term_string\"}],\"inLanguage\":\"es\"},{\"@type\":\"Organization\",\"@id\":\"https:\/\/hostaleria.karcos.com\/#organization\",\"name\":\"Hostaleria Prevencio\",\"url\":\"https:\/\/hostaleria.karcos.com\/\",\"logo\":{\"@type\":\"ImageObject\",\"inLanguage\":\"es\",\"@id\":\"https:\/\/hostaleria.karcos.com\/#\/schema\/logo\/image\/\",\"url\":\"https:\/\/hostaleria.karcos.com\/wp-content\/uploads\/2024\/03\/logoLleida@2x.png\",\"contentUrl\":\"https:\/\/hostaleria.karcos.com\/wp-content\/uploads\/2024\/03\/logoLleida@2x.png\",\"width\":313,\"height\":79,\"caption\":\"Hostaleria Prevencio\"},\"image\":{\"@id\":\"https:\/\/hostaleria.karcos.com\/#\/schema\/logo\/image\/\"}}]}<\/script>\n<!-- \/ Yoast SEO plugin. -->","yoast_head_json":{"title":"Aviso Legal - Hostaleria Prevencio","robots":{"index":"index","follow":"follow","max-snippet":"max-snippet:-1","max-image-preview":"max-image-preview:large","max-video-preview":"max-video-preview:-1"},"canonical":"https:\/\/hostaleria.karcos.com\/es\/aviso-legal\/","og_locale":"es_ES","og_type":"article","og_title":"Aviso Legal - Hostaleria Prevencio","og_description":"Aviso Legal para https:\/\/hostaleria.karcos.com\/ El presente Aviso Legal regula el uso del sitio web https:\/\/hostaleria.karcos.com\/ (en adelante, &#8220;el Sitio Web&#8221;), del cual es titular FEDERACI\u00d3N PROVINCIAL DE HOSTELER\u00cdA DE LLEIDA. Datos Identificativos Esta p\u00e1gina Web es propiedad de FEDERACI\u00d3N PROVINCIAL DE HOSTELER\u00cdA DE LLEIDA con NIF n\u00ba G25027608 y domicilio en AVDA. DEL SEGRE, 7, [&hellip;]","og_url":"https:\/\/hostaleria.karcos.com\/es\/aviso-legal\/","og_site_name":"Hostaleria Prevencio","article_modified_time":"2024-09-04T08:15:32+00:00","twitter_card":"summary_large_image","twitter_misc":{"Tiempo de lectura":"2 minutos"},"schema":{"@context":"https:\/\/schema.org","@graph":[{"@type":"WebPage","@id":"https:\/\/hostaleria.karcos.com\/es\/aviso-legal\/","url":"https:\/\/hostaleria.karcos.com\/es\/aviso-legal\/","name":"Aviso Legal - Hostaleria Prevencio","isPartOf":{"@id":"https:\/\/hostaleria.karcos.com\/#website"},"datePublished":"2024-08-20T11:52:17+00:00","dateModified":"2024-09-04T08:15:32+00:00","breadcrumb":{"@id":"https:\/\/hostaleria.karcos.com\/es\/aviso-legal\/#breadcrumb"},"inLanguage":"es","potentialAction":[{"@type":"ReadAction","target":["https:\/\/hostaleria.karcos.com\/es\/aviso-legal\/"]}]},{"@type":"BreadcrumbList","@id":"https:\/\/hostaleria.karcos.com\/es\/aviso-legal\/#breadcrumb","itemListElement":[{"@type":"ListItem","position":1,"name":"Portada","item":"https:\/\/hostaleria.karcos.com\/es\/"},{"@type":"ListItem","position":2,"name":"Aviso Legal"}]},{"@type":"WebSite","@id":"https:\/\/hostaleria.karcos.com\/#website","url":"https:\/\/hostaleria.karcos.com\/","name":"Hostaleria Prevencio","description":"","publisher":{"@id":"https:\/\/hostaleria.karcos.com\/#organization"},"potentialAction":[{"@type":"SearchAction","target":{"@type":"EntryPoint","urlTemplate":"https:\/\/hostaleria.karcos.com\/?s={search_term_string}"},"query-input":"required name=search_term_string"}],"inLanguage":"es"},{"@type":"Organization","@id":"https:\/\/hostaleria.karcos.com\/#organization","name":"Hostaleria Prevencio","url":"https:\/\/hostaleria.karcos.com\/","logo":{"@type":"ImageObject","inLanguage":"es","@id":"https:\/\/hostaleria.karcos.com\/#\/schema\/logo\/image\/","url":"https:\/\/hostaleria.karcos.com\/wp-content\/uploads\/2024\/03\/logoLleida@2x.png","contentUrl":"https:\/\/hostaleria.karcos.com\/wp-content\/uploads\/2024\/03\/logoLleida@2x.png","width":313,"height":79,"caption":"Hostaleria Prevencio"},"image":{"@id":"https:\/\/hostaleria.karcos.com\/#\/schema\/logo\/image\/"}}]}},"_links":{"self":[{"href":"https:\/\/hostaleria.karcos.com\/es\/wp-json\/wp\/v2\/pages\/2214","targetHints":{"allow":["GET"]}}],"collection":[{"href":"https:\/\/hostaleria.karcos.com\/es\/wp-json\/wp\/v2\/pages"}],"about":[{"href":"https:\/\/hostaleria.karcos.com\/es\/wp-json\/wp\/v2\/types\/page"}],"author":[{"embeddable":true,"href":"https:\/\/hostaleria.karcos.com\/es\/wp-json\/wp\/v2\/users\/2"}],"replies":[{"embeddable":true,"href":"https:\/\/hostaleria.karcos.com\/es\/wp-json\/wp\/v2\/comments?post=2214"}],"version-history":[{"count":0,"href":"https:\/\/hostaleria.karcos.com\/es\/wp-json\/wp\/v2\/pages\/2214\/revisions"}],"wp:attachment":[{"href":"https:\/\/hostaleria.karcos.com\/es\/wp-json\/wp\/v2\/media?parent=2214"}],"curies":[{"name":"wp","href":"https:\/\/api.w.org\/{rel}","templated":true}]}}