{"id":2224,"date":"2024-08-20T12:12:24","date_gmt":"2024-08-20T12:12:24","guid":{"rendered":"https:\/\/hostaleria.karcos.com\/?page_id=2224"},"modified":"2024-09-04T08:42:51","modified_gmt":"2024-09-04T08:42:51","slug":"politica-de-privacidad-2","status":"publish","type":"page","link":"https:\/\/hostaleria.karcos.com\/es\/politica-de-privacidad-2\/","title":{"rendered":"Pol\u00edtica de Privacidad"},"content":{"rendered":"\t\t<div data-elementor-type=\"wp-page\" data-elementor-id=\"2224\" class=\"elementor elementor-2224\" data-elementor-post-type=\"page\">\n\t\t\t\t<div data-particle_enable=\"false\" data-particle-mobile-disabled=\"false\" class=\"elementor-element elementor-element-a18e92a e-flex e-con-boxed e-con e-parent\" data-id=\"a18e92a\" data-element_type=\"container\" data-settings=\"{&quot;jet_parallax_layout_list&quot;:[]}\" data-core-v316-plus=\"true\">\n\t\t\t\t\t<div class=\"e-con-inner\">\n\t\t\t\t<div class=\"elementor-element elementor-element-a8c32cf elementor-widget elementor-widget-text-editor\" data-id=\"a8c32cf\" data-element_type=\"widget\" data-widget_type=\"text-editor.default\">\n\t\t\t\t<div class=\"elementor-widget-container\">\n\t\t\t<style>\/*! elementor - v3.20.0 - 13-03-2024 *\/\n.elementor-widget-text-editor.elementor-drop-cap-view-stacked .elementor-drop-cap{background-color:#69727d;color:#fff}.elementor-widget-text-editor.elementor-drop-cap-view-framed .elementor-drop-cap{color:#69727d;border:3px solid;background-color:transparent}.elementor-widget-text-editor:not(.elementor-drop-cap-view-default) .elementor-drop-cap{margin-top:8px}.elementor-widget-text-editor:not(.elementor-drop-cap-view-default) .elementor-drop-cap-letter{width:1em;height:1em}.elementor-widget-text-editor .elementor-drop-cap{float:left;text-align:center;line-height:1;font-size:50px}.elementor-widget-text-editor .elementor-drop-cap-letter{display:inline-block}<\/style>\t\t\t\t<p><strong>1. Informaci\u00f3n del Responsable del Tratamiento<\/strong><br \/>Denominaci\u00f3n Social: <strong>Federaci\u00f3n Provincial de Hosteler\u00eda de Lleida<\/strong>.<\/p><p><strong>2. Finalidad del tratamiento de datos<\/strong><br \/>En la <strong>Federaci\u00f3n Provincial de Hosteler\u00eda de Lleida<\/strong> tratamos la informaci\u00f3n que nos facilitan las personas interesadas con las siguientes finalidades:<\/p><ul><li>Gestionar las solicitudes de informaci\u00f3n y consultas recibidas a trav\u00e9s de los formularios de contacto de la web.<\/li><li>Enviar comunicaciones comerciales y newsletters sobre nuestros servicios, siempre que el usuario haya dado su consentimiento expreso.<\/li><li>Realizar an\u00e1lisis estad\u00edsticos y de uso de la web para mejorar nuestros servicios.<\/li><\/ul><p><strong>3. Legitimaci\u00f3n del tratamiento<\/strong><br \/>La base legal para el tratamiento de los datos es el consentimiento del interesado, que podr\u00e1 retirar en cualquier momento. En el caso del env\u00edo de comunicaciones comerciales, la legitimaci\u00f3n es el inter\u00e9s leg\u00edtimo de la <strong>Federaci\u00f3n Provincial de Hosteler\u00eda de Lleida<\/strong> de promocionar sus servicios a clientes y usuarios.<\/p><p><strong>4. Destinatarios de los datos<\/strong><br \/>Los datos personales recabados a trav\u00e9s de la web s\u00f3lo ser\u00e1n cedidos a terceros cuando sea necesario para cumplir con las obligaciones legales. La <strong>Federaci\u00f3n Provincial de Hosteler\u00eda de Lleida<\/strong> cuenta con la colaboraci\u00f3n de algunos terceros proveedores de servicios que tienen acceso a los datos personales. Estos proveedores tratar\u00e1n los datos conforme a las instrucciones de la <strong>Federaci\u00f3n Provincial de Hosteler\u00eda de Lleida<\/strong> y bajo las medidas de seguridad adecuadas.<\/p><p><strong>5. Derechos de los interesados<\/strong><br \/>Las personas interesadas tienen derecho a:<\/p><ul><li>Acceder a sus datos personales.<\/li><li>Solicitar la rectificaci\u00f3n de los datos inexactos.<\/li><li>Solicitar la supresi\u00f3n cuando, entre otros motivos, los datos ya no sean necesarios para los fines para los que fueron recogidos.<\/li><li>Solicitar la limitaci\u00f3n de su tratamiento en determinadas circunstancias.<\/li><li>Oponerse al tratamiento por motivos relacionados con su situaci\u00f3n particular.<\/li><li>Solicitar la portabilidad de los datos.<\/li><\/ul><p>Los interesados podr\u00e1n ejercitar todos estos derechos dirigi\u00e9ndose a la <strong>Federaci\u00f3n Provincial de Hosteler\u00eda de Lleida<\/strong> por correo electr\u00f3nico a <a rel=\"noopener\">federacio@hostaler.org<\/a>, indicando el derecho que desean ejercitar y acompa\u00f1ando copia de su DNI.<\/p><p><strong>6. Conservaci\u00f3n de los datos<\/strong><br \/>Los datos personales proporcionados se conservar\u00e1n mientras se mantenga la relaci\u00f3n con el interesado, no se solicite su supresi\u00f3n por el interesado, o durante los a\u00f1os necesarios para cumplir con las obligaciones legales.<\/p><p><strong>7. Medidas de seguridad<\/strong><br \/>La <strong>Federaci\u00f3n Provincial de Hosteler\u00eda de Lleida<\/strong> adopta todas las medidas t\u00e9cnicas y organizativas necesarias para garantizar la seguridad de los datos de car\u00e1cter personal y evitar su alteraci\u00f3n, p\u00e9rdida, tratamiento o acceso no autorizado.<\/p><p><strong>8. Modificaci\u00f3n de la pol\u00edtica de privacidad<\/strong><br \/>La <strong>Federaci\u00f3n Provincial de Hosteler\u00eda de Lleida<\/strong> se reserva el derecho a modificar la presente pol\u00edtica de privacidad para adaptarla a novedades legislativas o jurisprudenciales, as\u00ed como a pr\u00e1cticas de la industria. En dichos supuestos, la <strong>Federaci\u00f3n Provincial de Hosteler\u00eda de Lleida<\/strong> anunciar\u00e1 en esta p\u00e1gina los cambios introducidos con razonable antelaci\u00f3n a su puesta en pr\u00e1ctica.<\/p>\t\t\t\t\t\t<\/div>\n\t\t\t\t<\/div>\n\t\t\t\t\t<\/div>\n\t\t\t\t<\/div>\n\t\t\t\t<\/div>\n\t\t","protected":false},"excerpt":{"rendered":"<p>1. Informaci\u00f3n del Responsable del TratamientoDenominaci\u00f3n Social: Federaci\u00f3n Provincial de Hosteler\u00eda de Lleida. 2. Finalidad del tratamiento de datosEn la Federaci\u00f3n Provincial de Hosteler\u00eda de Lleida tratamos la informaci\u00f3n que nos facilitan las personas interesadas con las siguientes finalidades: Gestionar las solicitudes de informaci\u00f3n y consultas recibidas a trav\u00e9s de los formularios de contacto de [&hellip;]<\/p>\n","protected":false},"author":2,"featured_media":0,"parent":0,"menu_order":0,"comment_status":"closed","ping_status":"closed","template":"","meta":{"_glsr_average":0,"_glsr_ranking":0,"_glsr_reviews":0,"footnotes":""},"class_list":["post-2224","page","type-page","status-publish","hentry"],"yoast_head":"<!-- This site is optimized with the Yoast SEO plugin v22.3 - https:\/\/yoast.com\/wordpress\/plugins\/seo\/ -->\n<title>Pol\u00edtica de Privacidad - Hostaleria Prevencio<\/title>\n<meta name=\"robots\" content=\"index, follow, max-snippet:-1, max-image-preview:large, max-video-preview:-1\" \/>\n<link rel=\"canonical\" href=\"https:\/\/hostaleria.karcos.com\/es\/politica-de-privacidad-2\/\" \/>\n<meta property=\"og:locale\" content=\"es_ES\" \/>\n<meta property=\"og:type\" content=\"article\" \/>\n<meta property=\"og:title\" content=\"Pol\u00edtica de Privacidad - Hostaleria Prevencio\" \/>\n<meta property=\"og:description\" content=\"1. Informaci\u00f3n del Responsable del TratamientoDenominaci\u00f3n Social: Federaci\u00f3n Provincial de Hosteler\u00eda de Lleida. 2. Finalidad del tratamiento de datosEn la Federaci\u00f3n Provincial de Hosteler\u00eda de Lleida tratamos la informaci\u00f3n que nos facilitan las personas interesadas con las siguientes finalidades: Gestionar las solicitudes de informaci\u00f3n y consultas recibidas a trav\u00e9s de los formularios de contacto de [&hellip;]\" \/>\n<meta property=\"og:url\" content=\"https:\/\/hostaleria.karcos.com\/es\/politica-de-privacidad-2\/\" \/>\n<meta property=\"og:site_name\" content=\"Hostaleria Prevencio\" \/>\n<meta property=\"article:modified_time\" content=\"2024-09-04T08:42:51+00:00\" \/>\n<meta name=\"twitter:card\" content=\"summary_large_image\" \/>\n<meta name=\"twitter:label1\" content=\"Tiempo de lectura\" \/>\n\t<meta name=\"twitter:data1\" content=\"3 minutos\" \/>\n<script type=\"application\/ld+json\" class=\"yoast-schema-graph\">{\"@context\":\"https:\/\/schema.org\",\"@graph\":[{\"@type\":\"WebPage\",\"@id\":\"https:\/\/hostaleria.karcos.com\/es\/politica-de-privacidad-2\/\",\"url\":\"https:\/\/hostaleria.karcos.com\/es\/politica-de-privacidad-2\/\",\"name\":\"Pol\u00edtica de Privacidad - Hostaleria Prevencio\",\"isPartOf\":{\"@id\":\"https:\/\/hostaleria.karcos.com\/#website\"},\"datePublished\":\"2024-08-20T12:12:24+00:00\",\"dateModified\":\"2024-09-04T08:42:51+00:00\",\"breadcrumb\":{\"@id\":\"https:\/\/hostaleria.karcos.com\/es\/politica-de-privacidad-2\/#breadcrumb\"},\"inLanguage\":\"es\",\"potentialAction\":[{\"@type\":\"ReadAction\",\"target\":[\"https:\/\/hostaleria.karcos.com\/es\/politica-de-privacidad-2\/\"]}]},{\"@type\":\"BreadcrumbList\",\"@id\":\"https:\/\/hostaleria.karcos.com\/es\/politica-de-privacidad-2\/#breadcrumb\",\"itemListElement\":[{\"@type\":\"ListItem\",\"position\":1,\"name\":\"Portada\",\"item\":\"https:\/\/hostaleria.karcos.com\/es\/\"},{\"@type\":\"ListItem\",\"position\":2,\"name\":\"Pol\u00edtica de Privacidad\"}]},{\"@type\":\"WebSite\",\"@id\":\"https:\/\/hostaleria.karcos.com\/#website\",\"url\":\"https:\/\/hostaleria.karcos.com\/\",\"name\":\"Hostaleria Prevencio\",\"description\":\"\",\"publisher\":{\"@id\":\"https:\/\/hostaleria.karcos.com\/#organization\"},\"potentialAction\":[{\"@type\":\"SearchAction\",\"target\":{\"@type\":\"EntryPoint\",\"urlTemplate\":\"https:\/\/hostaleria.karcos.com\/?s={search_term_string}\"},\"query-input\":\"required name=search_term_string\"}],\"inLanguage\":\"es\"},{\"@type\":\"Organization\",\"@id\":\"https:\/\/hostaleria.karcos.com\/#organization\",\"name\":\"Hostaleria Prevencio\",\"url\":\"https:\/\/hostaleria.karcos.com\/\",\"logo\":{\"@type\":\"ImageObject\",\"inLanguage\":\"es\",\"@id\":\"https:\/\/hostaleria.karcos.com\/#\/schema\/logo\/image\/\",\"url\":\"https:\/\/hostaleria.karcos.com\/wp-content\/uploads\/2024\/03\/logoLleida@2x.png\",\"contentUrl\":\"https:\/\/hostaleria.karcos.com\/wp-content\/uploads\/2024\/03\/logoLleida@2x.png\",\"width\":313,\"height\":79,\"caption\":\"Hostaleria Prevencio\"},\"image\":{\"@id\":\"https:\/\/hostaleria.karcos.com\/#\/schema\/logo\/image\/\"}}]}<\/script>\n<!-- \/ Yoast SEO plugin. -->","yoast_head_json":{"title":"Pol\u00edtica de Privacidad - Hostaleria Prevencio","robots":{"index":"index","follow":"follow","max-snippet":"max-snippet:-1","max-image-preview":"max-image-preview:large","max-video-preview":"max-video-preview:-1"},"canonical":"https:\/\/hostaleria.karcos.com\/es\/politica-de-privacidad-2\/","og_locale":"es_ES","og_type":"article","og_title":"Pol\u00edtica de Privacidad - Hostaleria Prevencio","og_description":"1. Informaci\u00f3n del Responsable del TratamientoDenominaci\u00f3n Social: Federaci\u00f3n Provincial de Hosteler\u00eda de Lleida. 2. Finalidad del tratamiento de datosEn la Federaci\u00f3n Provincial de Hosteler\u00eda de Lleida tratamos la informaci\u00f3n que nos facilitan las personas interesadas con las siguientes finalidades: Gestionar las solicitudes de informaci\u00f3n y consultas recibidas a trav\u00e9s de los formularios de contacto de [&hellip;]","og_url":"https:\/\/hostaleria.karcos.com\/es\/politica-de-privacidad-2\/","og_site_name":"Hostaleria Prevencio","article_modified_time":"2024-09-04T08:42:51+00:00","twitter_card":"summary_large_image","twitter_misc":{"Tiempo de lectura":"3 minutos"},"schema":{"@context":"https:\/\/schema.org","@graph":[{"@type":"WebPage","@id":"https:\/\/hostaleria.karcos.com\/es\/politica-de-privacidad-2\/","url":"https:\/\/hostaleria.karcos.com\/es\/politica-de-privacidad-2\/","name":"Pol\u00edtica de Privacidad - Hostaleria Prevencio","isPartOf":{"@id":"https:\/\/hostaleria.karcos.com\/#website"},"datePublished":"2024-08-20T12:12:24+00:00","dateModified":"2024-09-04T08:42:51+00:00","breadcrumb":{"@id":"https:\/\/hostaleria.karcos.com\/es\/politica-de-privacidad-2\/#breadcrumb"},"inLanguage":"es","potentialAction":[{"@type":"ReadAction","target":["https:\/\/hostaleria.karcos.com\/es\/politica-de-privacidad-2\/"]}]},{"@type":"BreadcrumbList","@id":"https:\/\/hostaleria.karcos.com\/es\/politica-de-privacidad-2\/#breadcrumb","itemListElement":[{"@type":"ListItem","position":1,"name":"Portada","item":"https:\/\/hostaleria.karcos.com\/es\/"},{"@type":"ListItem","position":2,"name":"Pol\u00edtica de Privacidad"}]},{"@type":"WebSite","@id":"https:\/\/hostaleria.karcos.com\/#website","url":"https:\/\/hostaleria.karcos.com\/","name":"Hostaleria Prevencio","description":"","publisher":{"@id":"https:\/\/hostaleria.karcos.com\/#organization"},"potentialAction":[{"@type":"SearchAction","target":{"@type":"EntryPoint","urlTemplate":"https:\/\/hostaleria.karcos.com\/?s={search_term_string}"},"query-input":"required name=search_term_string"}],"inLanguage":"es"},{"@type":"Organization","@id":"https:\/\/hostaleria.karcos.com\/#organization","name":"Hostaleria Prevencio","url":"https:\/\/hostaleria.karcos.com\/","logo":{"@type":"ImageObject","inLanguage":"es","@id":"https:\/\/hostaleria.karcos.com\/#\/schema\/logo\/image\/","url":"https:\/\/hostaleria.karcos.com\/wp-content\/uploads\/2024\/03\/logoLleida@2x.png","contentUrl":"https:\/\/hostaleria.karcos.com\/wp-content\/uploads\/2024\/03\/logoLleida@2x.png","width":313,"height":79,"caption":"Hostaleria Prevencio"},"image":{"@id":"https:\/\/hostaleria.karcos.com\/#\/schema\/logo\/image\/"}}]}},"_links":{"self":[{"href":"https:\/\/hostaleria.karcos.com\/es\/wp-json\/wp\/v2\/pages\/2224","targetHints":{"allow":["GET"]}}],"collection":[{"href":"https:\/\/hostaleria.karcos.com\/es\/wp-json\/wp\/v2\/pages"}],"about":[{"href":"https:\/\/hostaleria.karcos.com\/es\/wp-json\/wp\/v2\/types\/page"}],"author":[{"embeddable":true,"href":"https:\/\/hostaleria.karcos.com\/es\/wp-json\/wp\/v2\/users\/2"}],"replies":[{"embeddable":true,"href":"https:\/\/hostaleria.karcos.com\/es\/wp-json\/wp\/v2\/comments?post=2224"}],"version-history":[{"count":0,"href":"https:\/\/hostaleria.karcos.com\/es\/wp-json\/wp\/v2\/pages\/2224\/revisions"}],"wp:attachment":[{"href":"https:\/\/hostaleria.karcos.com\/es\/wp-json\/wp\/v2\/media?parent=2224"}],"curies":[{"name":"wp","href":"https:\/\/api.w.org\/{rel}","templated":true}]}}